{"id":846,"date":"2025-06-01T23:44:59","date_gmt":"2025-06-01T23:44:59","guid":{"rendered":"https:\/\/ym-cleaningservices.com\/?page_id=846"},"modified":"2025-07-02T08:56:38","modified_gmt":"2025-07-02T08:56:38","slug":"about","status":"publish","type":"page","link":"https:\/\/ym-cleaningservices.com\/es\/about\/","title":{"rendered":"About"},"content":{"rendered":"<p>[et_pb_section fb_built=&#8221;1&#8243; _builder_version=&#8221;4.27.4&#8243; _module_preset=&#8221;default&#8221; width=&#8221;100%&#8221; max_width=&#8221;1920px&#8221; module_alignment=&#8221;center&#8221; custom_padding=&#8221;120px|0px||||&#8221; da_disable_devices=&#8221;off|off|off&#8221; global_colors_info=&#8221;{}&#8221; da_is_popup=&#8221;off&#8221; da_exit_intent=&#8221;off&#8221; da_has_close=&#8221;on&#8221; da_alt_close=&#8221;off&#8221; da_dark_close=&#8221;off&#8221; da_not_modal=&#8221;on&#8221; da_is_singular=&#8221;off&#8221; da_with_loader=&#8221;off&#8221; da_has_shadow=&#8221;on&#8221;][et_pb_row _builder_version=&#8221;4.27.4&#8243; _module_preset=&#8221;default&#8221; custom_padding=&#8221;||6px|||&#8221; global_colors_info=&#8221;{}&#8221;][et_pb_column type=&#8221;4_4&#8243; _builder_version=&#8221;4.27.4&#8243; _module_preset=&#8221;default&#8221; global_colors_info=&#8221;{}&#8221;][dsm_gradient_text gradient_text=&#8221;About us&#8221; _builder_version=&#8221;4.27.4&#8243; _module_preset=&#8221;default&#8221; header_font=&#8221;|600||on|||||&#8221; header_text_align=&#8221;center&#8221; header_font_size=&#8221;45px&#8221; background_color=&#8221;RGBA(255,255,255,0)&#8221; background_color_gradient_direction=&#8221;160deg&#8221; background_color_gradient_stops=&#8221;#00ccff 35%|#8d5fd3 65%&#8221; module_alignment=&#8221;center&#8221; custom_margin=&#8221;||-6px|||&#8221; global_colors_info=&#8221;{}&#8221;][\/dsm_gradient_text][\/et_pb_column][\/et_pb_row][et_pb_row column_structure=&#8221;2_3,1_3&#8243; make_equal=&#8221;on&#8221; _builder_version=&#8221;4.27.4&#8243; _module_preset=&#8221;default&#8221; width=&#8221;95%&#8221; max_width=&#8221;1920px&#8221; custom_margin=&#8221;-4px|auto||auto||&#8221; global_colors_info=&#8221;{}&#8221;][et_pb_column type=&#8221;2_3&#8243; _builder_version=&#8221;4.27.4&#8243; _module_preset=&#8221;default&#8221; use_background_color_gradient=&#8221;on&#8221; background_color_gradient_direction=&#8221;160deg&#8221; background_color_gradient_stops=&#8221;#00ccff 0%|#8d5fd3 100%&#8221; custom_padding=&#8221;16px|16px|16px|16px|true|true&#8221; custom_css_main_element=&#8221;align-content: center;&#8221; border_radii=&#8221;on|10px|10px|10px|10px&#8221; global_colors_info=&#8221;{}&#8221;][et_pb_team_member name=&#8221;Mary Martinez&#8221; position=&#8221;Owner and founder of the company&#8221; image_url=&#8221;https:\/\/ym-cleaningservices.com\/wp-content\/uploads\/2025\/06\/MaryMartinez.webp&#8221; _builder_version=&#8221;4.27.4&#8243; _module_preset=&#8221;default&#8221; header_text_color=&#8221;#8D5FD3&#8243; header_font_size=&#8221;32px&#8221; body_text_align=&#8221;justify&#8221; body_text_color=&#8221;#000000&#8243; body_font_size=&#8221;18px&#8221; body_line_height=&#8221;1.3em&#8221; position_font=&#8221;||||||||&#8221; position_text_color=&#8221;#8D5FD3&#8243; background_color=&#8221;rgba(255,255,255,0.82)&#8221; custom_padding=&#8221;16px|16px|16px|16px|true|true&#8221; hover_enabled=&#8221;0&#8243; border_radii=&#8221;on|6px|6px|6px|6px&#8221; global_colors_info=&#8221;{}&#8221; sticky_enabled=&#8221;0&#8243; alt=&#8221;Mary Martinez Image&#8221; title_text=&#8221;MaryMartinez&#8221;]<\/p>\n<p class=\"p1\">Soy Mary Mart\u00ednez, fundadora y l\u00edder de YM Cleaning Services. Con m\u00e1s de cinco a\u00f1os de experiencia en el sector de la limpieza, decid\u00ed emprender este proyecto con el sue\u00f1o de alcanzar la libertad financiera y gestionar mi tiempo con total autonom\u00eda. Creo firmemente que el trabajo se realiza mejor cuando se hace con pasi\u00f3n, compromiso y un prop\u00f3sito claro.<\/p>\n<p class=\"p1\">Desde el inicio, mi misi\u00f3n ha sido ofrecer un servicio en el que nuestros clientes puedan confiar plenamente, superando siempre sus expectativas. Junto a mi equipo, mantenemos altos est\u00e1ndares de calidad, puntualidad y atenci\u00f3n al detalle para garantizar que cada hogar y espacio comercial quede limpio, fresco y listo para disfrutarse.<\/p>\n<p class=\"p1\">En YM Cleaning Services, sabemos que cada lugar es \u00fanico, por eso nos esforzamos en cuidar cada rinc\u00f3n con dedicaci\u00f3n y profesionalismo. Gracias por confiar en nosotros; estamos aqu\u00ed para ayudarte a mantener tu espacio impecable y sin preocupaciones.<\/p>\n<p>[\/et_pb_team_member][\/et_pb_column][et_pb_column type=&#8221;1_3&#8243; _builder_version=&#8221;4.27.4&#8243; _module_preset=&#8221;default&#8221; background_color=&#8221;rgba(0,204,255,0.09)&#8221; border_radii=&#8221;on|10px|10px|10px|10px&#8221; global_colors_info=&#8221;{}&#8221;][et_pb_text _builder_version=&#8221;4.27.4&#8243; _module_preset=&#8221;default&#8221; text_text_color=&#8221;#000000&#8243; text_font_size=&#8221;18px&#8221; header_2_text_color=&#8221;#8D5FD3&#8243; custom_margin=&#8221;||-2px|||&#8221; custom_padding=&#8221;16px|16px|16px|16px|true|true&#8221; border_radii=&#8221;on|10px|10px|10px|10px&#8221; global_colors_info=&#8221;{}&#8221;]<\/p>\n<h2 class=\"p1\"><b>Misi\u00f3n<\/b><\/h2>\n<p class=\"p1\">En YM Cleaning Services, nuestra misi\u00f3n es transformar cada espacio en un ambiente limpio, saludable y acogedor, ofreciendo servicios de limpieza profesionales, personalizados y ecol\u00f3gicos que superen las expectativas de nuestros clientes. Nos comprometemos a cuidar cada detalle con pasi\u00f3n, puntualidad y responsabilidad, garantizando la tranquilidad y bienestar de quienes conf\u00edan en nosotros.<\/p>\n<p>[\/et_pb_text][et_pb_text _builder_version=&#8221;4.27.4&#8243; _module_preset=&#8221;default&#8221; text_text_color=&#8221;#000000&#8243; text_font_size=&#8221;18px&#8221; header_2_text_color=&#8221;#8D5FD3&#8243; custom_margin=&#8221;||0px|||&#8221; custom_padding=&#8221;16px|16px|16px|16px|true|true&#8221; border_radii=&#8221;on|10px|10px|10px|10px&#8221; global_colors_info=&#8221;{}&#8221;]<\/p>\n<h2 class=\"p1\"><b>Visi\u00f3n<\/b><\/h2>\n<p class=\"p1\">Ser reconocidos como la empresa l\u00edder en servicios de limpieza residencial y comercial en nuestra regi\u00f3n, destac\u00e1ndonos por nuestra excelencia, innovaci\u00f3n y compromiso con el medio ambiente. Queremos construir relaciones duraderas con nuestros clientes, basadas en la confianza, la calidad y la atenci\u00f3n personalizada, contribuyendo a crear espacios m\u00e1s saludables y felices para las familias y negocios que servimos.<\/p>\n<p>[\/et_pb_text][\/et_pb_column][\/et_pb_row][et_pb_row column_structure=&#8221;1_3,1_3,1_3&#8243; make_equal=&#8221;on&#8221; _builder_version=&#8221;4.27.4&#8243; _module_preset=&#8221;default&#8221; width=&#8221;95%&#8221; max_width=&#8221;1920px&#8221; custom_css_free_form=&#8221;.et_pb_blurb_container {||\tpadding: 0px 20px 20px 20px;||}&#8221; global_colors_info=&#8221;{}&#8221;][et_pb_column type=&#8221;1_3&#8243; _builder_version=&#8221;4.27.4&#8243; _module_preset=&#8221;default&#8221; global_colors_info=&#8221;{}&#8221;][et_pb_image src=&#8221;https:\/\/ym-cleaningservices.com\/wp-content\/uploads\/2025\/06\/AllWorkingTeam.webp&#8221; title_text=&#8221;AllWorkingTeam&#8221; _builder_version=&#8221;4.27.4&#8243; _module_preset=&#8221;default&#8221; hover_enabled=&#8221;0&#8243; border_radii=&#8221;on|10px|10px|10px|10px&#8221; global_colors_info=&#8221;{}&#8221; alt=&#8221;YM Cleaning Service All Team&#8221; sticky_enabled=&#8221;0&#8243;][\/et_pb_image][\/et_pb_column][et_pb_column type=&#8221;1_3&#8243; _builder_version=&#8221;4.27.4&#8243; _module_preset=&#8221;default&#8221; background_color=&#8221;rgba(0,204,255,0.09)&#8221; custom_padding=&#8221;0px||||false|false&#8221; custom_css_main_element=&#8221;display: flex;||align-items: center;&#8221; border_radii=&#8221;on|10px|10px|10px|10px&#8221; global_colors_info=&#8221;{}&#8221;][et_pb_image src=&#8221;https:\/\/ym-cleaningservices.com\/wp-content\/uploads\/2025\/02\/Full-YM-Color-.png&#8221; title_text=&#8221;FullColorYMCleaningServiceLogo&#8221; _builder_version=&#8221;4.27.4&#8243; _module_preset=&#8221;default&#8221; width=&#8221;90%&#8221; module_alignment=&#8221;center&#8221; custom_padding=&#8221;30px||30px||false|false&#8221; hover_enabled=&#8221;0&#8243; global_colors_info=&#8221;{}&#8221; sticky_enabled=&#8221;0&#8243; alt=&#8221;Full Color YM Cleaning Service Logo&#8221;][\/et_pb_image][\/et_pb_column][et_pb_column type=&#8221;1_3&#8243; _builder_version=&#8221;4.27.4&#8243; _module_preset=&#8221;default&#8221; background_color=&#8221;rgba(0,204,255,0.09)&#8221; custom_padding=&#8221;16px||||false|false&#8221; border_radii=&#8221;on|10px|10px|10px|10px&#8221; global_colors_info=&#8221;{}&#8221;][et_pb_text _builder_version=&#8221;4.27.4&#8243; _module_preset=&#8221;default&#8221; text_text_color=&#8221;#000000&#8243; text_font_size=&#8221;18px&#8221; header_2_text_color=&#8221;#8D5FD3&#8243; custom_padding=&#8221;16px|16px|16px|16px|true|true&#8221; border_radii=&#8221;on|10px|10px|10px|10px&#8221; global_colors_info=&#8221;{}&#8221;]<\/p>\n<h2 class=\"p1\"><b>Estrategia<\/b><\/h2>\n<p class=\"p1\"><span class=\"Apple-tab-span\"> <\/span>\u2022<span class=\"Apple-tab-span\"> <\/span>Mantener altos est\u00e1ndares de calidad mediante la capacitaci\u00f3n continua de nuestro equipo y el uso de t\u00e9cnicas avanzadas y productos ecol\u00f3gicos.<\/p>\n<p class=\"p1\"><span class=\"Apple-tab-span\"> <\/span>\u2022<span class=\"Apple-tab-span\"> <\/span>Ofrecer servicios flexibles y adaptados a las necesidades espec\u00edficas de cada cliente, desde limpiezas est\u00e1ndar hasta especializadas como post-construcci\u00f3n o limpieza para mudanzas.<\/p>\n<p class=\"p1\"><span class=\"Apple-tab-span\"> <\/span>\u2022<span class=\"Apple-tab-span\"> <\/span>Priorizar la satisfacci\u00f3n del cliente con atenci\u00f3n al detalle, puntualidad y comunicaci\u00f3n constante.<\/p>\n<p class=\"p1\"><span class=\"Apple-tab-span\"> <\/span>\u2022<span class=\"Apple-tab-span\"> <\/span>Promover un ambiente de trabajo motivador y profesional para nuestro equipo, fomentando el compromiso y la excelencia.<\/p>\n<p class=\"p1\"><span class=\"Apple-tab-span\"> <\/span>\u2022<span class=\"Apple-tab-span\"> <\/span>Implementar pr\u00e1cticas sostenibles que minimicen el impacto ambiental, cuidando la salud de nuestros clientes, empleados y el planeta.<\/p>\n<p>[\/et_pb_text][\/et_pb_column][\/et_pb_row][\/et_pb_section]<\/p>","protected":false},"excerpt":{"rendered":"<p><div class=\"et_pb_module dsm_gradient_text dsm_gradient_text_0\">\n\t\t\t\t\n\t\t\t\t\n\t\t\t\t\n\t\t\t\t\n\t\t\t\t\n\t\t\t\t\n\t\t\t\t<div class=\"et_pb_module_inner\">\n\t\t\t\t\t<h1 class=\"dsm-gradient-text et_pb_module_header\">Sobre nosotros<\/h1>\n\t\t\t\t<\/div>\n\t\t\t<\/div>I am Mary Mart\u00ednez, founder and leader of YM Cleaning Services. With over five years of experience in the cleaning industry, I decided to start this company with the dream of achieving financial freedom and having full control over my [&hellip;]<\/p>","protected":false},"author":1,"featured_media":0,"parent":0,"menu_order":0,"comment_status":"closed","ping_status":"closed","template":"","meta":{"_et_pb_use_builder":"on","_et_pb_old_content":"","_et_gb_content_width":"","_monsterinsights_skip_tracking":false,"_monsterinsights_sitenote_active":false,"_monsterinsights_sitenote_note":"","_monsterinsights_sitenote_category":0,"footnotes":""},"class_list":["post-846","page","type-page","status-publish","hentry"],"aioseo_notices":[],"_links":{"self":[{"href":"https:\/\/ym-cleaningservices.com\/es\/wp-json\/wp\/v2\/pages\/846","targetHints":{"allow":["GET"]}}],"collection":[{"href":"https:\/\/ym-cleaningservices.com\/es\/wp-json\/wp\/v2\/pages"}],"about":[{"href":"https:\/\/ym-cleaningservices.com\/es\/wp-json\/wp\/v2\/types\/page"}],"author":[{"embeddable":true,"href":"https:\/\/ym-cleaningservices.com\/es\/wp-json\/wp\/v2\/users\/1"}],"replies":[{"embeddable":true,"href":"https:\/\/ym-cleaningservices.com\/es\/wp-json\/wp\/v2\/comments?post=846"}],"version-history":[{"count":22,"href":"https:\/\/ym-cleaningservices.com\/es\/wp-json\/wp\/v2\/pages\/846\/revisions"}],"predecessor-version":[{"id":1090,"href":"https:\/\/ym-cleaningservices.com\/es\/wp-json\/wp\/v2\/pages\/846\/revisions\/1090"}],"wp:attachment":[{"href":"https:\/\/ym-cleaningservices.com\/es\/wp-json\/wp\/v2\/media?parent=846"}],"curies":[{"name":"wp","href":"https:\/\/api.w.org\/{rel}","templated":true}]}}